{"id":1456,"date":"2023-07-17T09:24:21","date_gmt":"2023-07-17T09:24:21","guid":{"rendered":"https:\/\/gops.krokowa.pl\/?page_id=1456"},"modified":"2025-01-21T13:44:03","modified_gmt":"2025-01-21T13:44:03","slug":"poradnictwo-i-konsultacje-specjalistyczne","status":"publish","type":"page","link":"https:\/\/gops.krokowa.pl\/poradnictwo-i-konsultacje-specjalistyczne\/","title":{"rendered":"Poradnictwo i konsultacje specjalistyczne"},"content":{"rendered":"\r\n<p><strong><em><u>Poradnictwo i konsultacje <\/u><\/em><\/strong><strong><em><u>dla os\u00f3b uzale\u017cnionych, cz\u0142onk\u00f3w ich rodzin, a tak\u017ce os\u00f3b do\u015bwiadczaj\u0105cych przemocy, stosuj\u0105cych przemoc oraz \u015bwiadk\u00f3w przemocy mieszka\u0144c\u00f3w Gminy Krokowa<\/u><\/em><\/strong><\/p>\r\n<p>Pobierz wykaz: <a href=\"https:\/\/gops.krokowa.pl\/wp-content\/uploads\/2025\/01\/specjalisci-tabela-2025.pdf\">Poradnictwo i konsultacje<\/a><\/p>\r\n<p>&nbsp;<\/p>\r\n","protected":false},"excerpt":{"rendered":"<p>Poradnictwo i konsultacje dla os\u00f3b uzale\u017cnionych, cz\u0142onk\u00f3w ich rodzin, a tak\u017ce os\u00f3b do\u015bwiadczaj\u0105cych przemocy, stosuj\u0105cych przemoc oraz \u015bwiadk\u00f3w przemocy mieszka\u0144c\u00f3w Gminy Krokowa Pobierz wykaz: Poradnictwo i konsultacje &nbsp;<\/p>\n","protected":false},"author":4,"featured_media":0,"parent":0,"menu_order":0,"comment_status":"closed","ping_status":"closed","template":"","meta":{"footnotes":""},"class_list":["post-1456","page","type-page","status-publish","hentry"],"_links":{"self":[{"href":"https:\/\/gops.krokowa.pl\/wp-json\/wp\/v2\/pages\/1456","targetHints":{"allow":["GET"]}}],"collection":[{"href":"https:\/\/gops.krokowa.pl\/wp-json\/wp\/v2\/pages"}],"about":[{"href":"https:\/\/gops.krokowa.pl\/wp-json\/wp\/v2\/types\/page"}],"author":[{"embeddable":true,"href":"https:\/\/gops.krokowa.pl\/wp-json\/wp\/v2\/users\/4"}],"replies":[{"embeddable":true,"href":"https:\/\/gops.krokowa.pl\/wp-json\/wp\/v2\/comments?post=1456"}],"version-history":[{"count":17,"href":"https:\/\/gops.krokowa.pl\/wp-json\/wp\/v2\/pages\/1456\/revisions"}],"predecessor-version":[{"id":1800,"href":"https:\/\/gops.krokowa.pl\/wp-json\/wp\/v2\/pages\/1456\/revisions\/1800"}],"wp:attachment":[{"href":"https:\/\/gops.krokowa.pl\/wp-json\/wp\/v2\/media?parent=1456"}],"curies":[{"name":"wp","href":"https:\/\/api.w.org\/{rel}","templated":true}]}}