{"id":1593,"date":"2024-02-23T10:07:18","date_gmt":"2024-02-23T10:07:18","guid":{"rendered":"https:\/\/gops.krokowa.pl\/?page_id=1593"},"modified":"2026-03-31T12:56:24","modified_gmt":"2026-03-31T12:56:24","slug":"asystent-osobisty-osoby-z-niepelnosprawnoscia","status":"publish","type":"page","link":"https:\/\/gops.krokowa.pl\/asystent-osobisty-osoby-z-niepelnosprawnoscia\/","title":{"rendered":"Asystent osobisty osoby z niepe\u0142nosprawno\u015bci\u0105"},"content":{"rendered":"\n<p><\/p>\n\n\n\n<h1 class=\"wp-block-heading\"><\/h1>\n\n\n\n<p><strong>Nab\u00f3r do Programu \u201eAsystent Osobisty Osoby z Niepe\u0142nosprawno\u015bci\u0105\u201d dla Jednostek Samorz\u0105du Terytorialnego- edycja 2026<\/strong><\/p>\n\n\n\n<p>Gminny O\u015brodek Pomocy Spo\u0142ecznej w Krokowej zaprasza mieszka\u0144c\u00f3w Gminy Krokowa do udzia\u0142u w Programie \u201eAsystent osobisty osoby z niepe\u0142nosprawno\u015bci\u0105\u201d dla Jednostek Samorz\u0105du Terytorialnego \u2013 edycja 2026, kt\u00f3ry finansowany b\u0119dzie ze \u015brodk\u00f3w pa\u0144stwowego funduszu celowego \u2013 Funduszu Solidarno\u015bciowego.<\/p>\n\n\n\n<p><strong>CEL PROGRAMU:<\/strong><\/p>\n\n\n\n<p>G\u0142\u00f3wnym celem Programu jest wprowadzenie us\u0142ug asystencji osobistej jako formy og\u00f3lnodost\u0119pnego wsparcia w wykonywaniu codziennych czynno\u015bci oraz funkcjonowaniu w \u017cyciu spo\u0142ecznym.<\/p>\n\n\n\n<p><strong>ADRESATAMI programu s\u0105:<\/strong><\/p>\n\n\n\n<ol class=\"wp-block-list\">\n<li>dzieci od uko\u0144czenia 2. roku \u017cycia do uko\u0144czenia 16. roku \u017cycia posiadaj\u0105ce orzeczenie o niepe\u0142nosprawno\u015bci \u0142\u0105cznie ze wskazaniami w pkt 7 i 8 w orzeczeniu o niepe\u0142nosprawno\u015bci \u2013 konieczno\u015bci sta\u0142ej lub d\u0142ugotrwa\u0142ej opieki lub pomocy innej osoby w zwi\u0105zku ze znacznie ograniczon\u0105 mo\u017cliwo\u015bci\u0105 samodzielnej egzystencji oraz konieczno\u015bci sta\u0142ego wsp\u00f3\u0142udzia\u0142u na co dzie\u0144 opiekuna dziecka w procesie jego leczenia, rehabilitacji i edukacji\u00a0 oraz<\/li>\n\n\n\n<li>osoby z niepe\u0142nosprawno\u015bciami posiadaj\u0105ce orzeczenie: o znacznym stopniu\u00a0\u00a0 niepe\u0142nosprawno\u015bci albo o umiarkowanym stopniu niepe\u0142nosprawno\u015bci albo<\/li>\n\n\n\n<li>traktowane na r\u00f3wni z orzeczeniami wymienionymi w lit. a i b, zgodnie z art. 5 i art. 62 ustawy z dnia 27 sierpnia 1997 r. o rehabilitacji zawodowej i spo\u0142ecznej oraz zatrudnianiu os\u00f3b niepe\u0142nosprawnych.<\/li>\n<\/ol>\n\n\n\n<p><strong>Na czym b\u0119d\u0105 polega\u0107 us\u0142ugi asystenta:<\/strong><\/p>\n\n\n\n<p>Us\u0142ugi asystencji osobistej polegaj\u0105 na wspieraniu przez asystenta osoby z niepe\u0142nosprawno\u015bci\u0105 w r\u00f3\u017cnych sferach \u017cycia, w tym:<\/p>\n\n\n\n<p>1) wsparciu uczestnika w czynno\u015bciach samoobs\u0142ugowych, w tym utrzymaniu higieny osobistej;<br>2) wsparcie uczestnika w prowadzeniu gospodarstwa domowego i wype\u0142nianiu r\u00f3l w rodzinie;<br>3) wsparciu uczestnika w przemieszczaniu si\u0119 poza miejscem zamieszkania;<br>4) wsparciu uczestnika w podejmowaniu aktywno\u015bci \u017cyciowej i komunikowaniu si\u0119 z otoczeniem<\/p>\n\n\n\n<p><strong>Uczestnik nie ponosi odp\u0142atno\u015bci za udzia\u0142 w Programie.<\/strong><\/p>\n\n\n\n<p><strong>Osoby zainteresowane wsparciem prosimy o z\u0142o\u017cenie w GOPS Krokowa:<\/strong><\/p>\n\n\n\n<ol class=\"wp-block-list\">\n<li>Karty zg\u0142oszenia do Programu,<\/li>\n\n\n\n<li>Karty zakresu czynno\u015bci,<\/li>\n\n\n\n<li>Klauzuli RODO,<\/li>\n\n\n\n<li>kopii orzeczenia o niepe\u0142nosprawno\u015bci (orygina\u0142 do wgl\u0105du).<\/li>\n<\/ol>\n\n\n\n<p>W przypadku dzieci od uko\u0144czenia 2. roku \u017cycia do uko\u0144czenia 16. roku \u017cycia orzeczenie o niepe\u0142nosprawno\u015bci \u0142\u0105cznie ze wskazaniami w pkt 7 i 8 w orzeczeniu o niepe\u0142nosprawno\u015bci \u2013 konieczno\u015bci sta\u0142ej lub d\u0142ugotrwa\u0142ej opieki lub pomocy innej osoby w zwi\u0105zku ze znacznie ograniczon\u0105 mo\u017cliwo\u015bci\u0105 samodzielnej egzystencji oraz konieczno\u015bci sta\u0142ego wsp\u00f3\u0142udzia\u0142u na co dzie\u0144 opiekuna dziecka w procesie jego leczenia, rehabilitacji i edukacji;<\/p>\n\n\n\n<p><strong>Przyznanie ww. us\u0142ug nast\u0105pi na podstawie dokonanej przez pracownika socjalnego oceny indywidualnej sytuacji osoby z niepe\u0142nosprawno\u015bci\u0105 weryfikuj\u0105cej:<\/strong><\/p>\n\n\n\n<p>1) potrzeb osoby z niepe\u0142nosprawno\u015bci\u0105 wymagaj\u0105cej wsparcia asystenta,<\/p>\n\n\n\n<p>2) poziom samodzielno\u015bci osoby z niepe\u0142nosprawno\u015bci\u0105,<\/p>\n\n\n\n<p>3) mo\u017cliwo\u015bci uzyskania pomocy od innych os\u00f3b.<\/p>\n\n\n\n<p><strong>Termin przyjmowania zg\u0142osze\u0144 do Programu prowadzony b\u0119dzie od dnia<br>26 stycznia 2026 r. do dnia 09 lutego 2026 r.<\/strong><\/p>\n\n\n\n<p><strong>Uwaga: Zg\u0142oszenie nie gwarantuje automatycznie przyznania wsparcia.&nbsp;<\/strong>Ostateczna decyzja zale\u017cy od liczby zg\u0142osze\u0144, przyznanych gminie \u015brodk\u00f3w w ramach programu oraz na podstawie dokonanej przez pracownika socjalnego oceny indywidualnej sytuacji osoby z niepe\u0142nosprawno\u015bci\u0105.<\/p>\n\n\n\n<p><strong><u>Przyznaj\u0105c us\u0142ugi asystencji osobistej, w pierwszej kolejno\u015bci uwzgl\u0119dnione zostan\u0105 potrzeby:<\/u><\/strong><\/p>\n\n\n\n<p>1) os\u00f3b z niepe\u0142nosprawno\u015bciami samotnie zamieszkuj\u0105cych i gospodaruj\u0105cych, kt\u00f3re nie korzystaj\u0105 ze wsparcia innych os\u00f3b,<\/p>\n\n\n\n<p>2) os\u00f3b z niepe\u0142nosprawno\u015bciami wsp\u00f3lnie zamieszkuj\u0105cych i gospodaruj\u0105cych, niemaj\u0105cych mo\u017cliwo\u015bci wzajemnego wsparcia, ani kt\u00f3re nie korzystaj\u0105 ze wsparcia innych os\u00f3b,<\/p>\n\n\n\n<p>3) os\u00f3b z niepe\u0142nosprawno\u015bciami, tj.: dzieci i os\u00f3b przebywaj\u0105cych w rodzinach zast\u0119pczych (spokrewnionych, niezawodowych lub zawodowych) lub w rodzinnych domach dziecka na zasadach okre\u015blonych w art. 37 ust. 1-6 ustawy z dnia 9 czerwca 2011 r. o wspieraniu rodziny i systemie pieczy zast\u0119pczej (Dz. U. z 2025 r. poz. 49 z p\u00f3\u017an. zm.),<\/p>\n\n\n\n<p>4) os\u00f3b z niepe\u0142nosprawno\u015bciami, tj.: dzieci i os\u00f3b przebywaj\u0105cych w tych plac\u00f3wkach na zasadach okre\u015blonych w art. 37 ust. 1-6 ww. ustawy, o ile wy\u0142\u0105czn\u0105 opiek\u0119 nad nimi w tej plac\u00f3wce sprawuj\u0105 ma\u0142\u017conkowie lub osoba niepozostaj\u0105ca w zwi\u0105zku ma\u0142\u017ce\u0144skim.<\/p>\n\n\n\n<p><strong>Koordynatorem programu jest Gminny O\u015brodek Pomocy Spo\u0142ecznej w Krokowej.<\/strong><\/p>\n\n\n\n<p><strong>Dokumenty nale\u017cy sk\u0142ada\u0107:<\/strong><\/p>\n\n\n\n<p>Osobi\u015bcie w siedzibie GOPS Krokowa<br>ul. Wejherowska 3<br>84-110 Krokowa<\/p>\n\n\n\n<p><strong>Godz. otwarcia:<\/strong><\/p>\n\n\n\n<p>poniedzia\u0142ek: 7:30-15:30<br>wtorek: 7:30-15:30<br>\u015broda: 7:30-15:30<br>czwartek: 7:30-17:00<br>pi\u0105tek: 7:30-14:00<\/p>\n\n\n\n<ul class=\"wp-block-list\">\n<li>Poczt\u0105 tradycyjn\u0105<\/li>\n\n\n\n<li>Elektronicznie \u2013 adres do e-dor\u0119cze\u0144: AE:PL-15476-93836-TWSBR-19<\/li>\n<\/ul>\n\n\n\n<p>W przypadku pyta\u0144 i w\u0105tpliwo\u015bci prosimy o kontakt pod numerem:&nbsp;<strong>58&nbsp;506 54 30<\/strong><\/p>\n\n\n\n<p>Email:&nbsp;<a href=\"mailto:gops@krokowa.pl\">gops@krokowa.pl<\/a><\/p>\n\n\n\n<p><strong>Kolejno\u015b\u0107 zg\u0142osze\u0144 nie ma wp\u0142ywu na wynik naboru uczestnik\u00f3w do Programu!<\/strong><strong>&nbsp;&nbsp;<\/strong><\/p>\n\n\n\n<p>Szczeg\u00f3\u0142owe informacje o Programie dost\u0119pne s\u0105 na stronie internetowej Pe\u0142nomocnika Rz\u0105du ds. Os\u00f3b Niepe\u0142nosprawnych pod adresem:<\/p>\n\n\n\n<figure class=\"wp-block-embed\"><div class=\"wp-block-embed__wrapper\">\nhttps:\/\/www.gov.pl\/web\/rodzina\/nabor-wnioskow-w-ramach-resortowego-programu-ministra-rodziny-pracy-i-polityki-spolecznej-asystent-osobisty-osoby-z-niepelnosprawnoscia-dla-jednostek-samorzadu-terytorialnego\u2013edycja-2026\n<\/div><\/figure>\n\n\n\n<p><a href=\"https:\/\/gops.krokowa.pl\/wp-content\/uploads\/2026\/01\/Zalacznik-nr-7-do-Programu-AOON-JST-2026_karta_zgloszenia-1.docx\">Za\u0142\u0105cznik-nr-7-do-Programu-AOON-JST-2026_karta_zg\u0142oszenia (1)<\/a><a href=\"https:\/\/gops.krokowa.pl\/wp-content\/uploads\/2026\/01\/Zalacznik-nr-7-do-Programu-AOON-JST-2026_karta_zgloszenia-1.docx\">Pobierz<\/a><\/p>\n\n\n\n<p><a href=\"https:\/\/gops.krokowa.pl\/wp-content\/uploads\/2026\/01\/Zalacznik-nr-8-do-Programu-AOON-JST-2026_karta-zakresu-czynnosci.pdf\">Zalacznik-nr-8-do-Programu-AOON-JST-2026_karta-zakresu-czynnosci<\/a><a href=\"https:\/\/gops.krokowa.pl\/wp-content\/uploads\/2026\/01\/Zalacznik-nr-8-do-Programu-AOON-JST-2026_karta-zakresu-czynnosci.pdf\">Pobierz<\/a><\/p>\n\n\n\n<p><a href=\"https:\/\/gops.krokowa.pl\/wp-content\/uploads\/2026\/01\/Zalacznik-nr-9-do-Programu-AOON-JST-2026_karta_realizacji_uslug.pdf\">Zalacznik-nr-9-do-Programu-AOON-JST-2026_karta_realizacji_uslug<\/a><a href=\"https:\/\/gops.krokowa.pl\/wp-content\/uploads\/2026\/01\/Zalacznik-nr-9-do-Programu-AOON-JST-2026_karta_realizacji_uslug.pdf\">Pobierz<\/a><\/p>\n\n\n\n<p><a href=\"https:\/\/gops.krokowa.pl\/wp-content\/uploads\/2026\/01\/Zalacznik-nr-10-do-Programu-AOON-JST-2026_ewidencja-przebiegu-pojazdu.pdf\">Zalacznik-nr-10-do-Programu-AOON-JST-2026_ewidencja-przebiegu-pojazdu<\/a><a href=\"https:\/\/gops.krokowa.pl\/wp-content\/uploads\/2026\/01\/Zalacznik-nr-10-do-Programu-AOON-JST-2026_ewidencja-przebiegu-pojazdu.pdf\">Pobierz<\/a><\/p>\n\n\n\n<p><a href=\"https:\/\/gops.krokowa.pl\/wp-content\/uploads\/2026\/01\/Zalacznik-nr-11-do-Programu-AOON-JST-2026_ewidencja-przejazdu-innym-srodkiem-transportu.pdf\">Zalacznik-nr-11-do-Programu-AOON-JST-2026_ewidencja-przejazdu-innym-srodkiem-transportu<\/a><a href=\"https:\/\/gops.krokowa.pl\/wp-content\/uploads\/2026\/01\/Zalacznik-nr-11-do-Programu-AOON-JST-2026_ewidencja-przejazdu-innym-srodkiem-transportu.pdf\">Pobierz<\/a><\/p>\n\n\n\n<p><a href=\"https:\/\/gops.krokowa.pl\/wp-content\/uploads\/2026\/01\/Zalacznik-nr-12-do-Programu-AOON-JST-2026_ewidencja-biletow.pdf\">Zalacznik-nr-12-do-Programu-AOON-JST-2026_ewidencja-biletow<\/a><a href=\"https:\/\/gops.krokowa.pl\/wp-content\/uploads\/2026\/01\/Zalacznik-nr-12-do-Programu-AOON-JST-2026_ewidencja-biletow.pdf\">Pobierz<\/a><\/p>\n\n\n\n<p><a href=\"https:\/\/gops.krokowa.pl\/wp-content\/uploads\/2026\/01\/Ogloszenie-AOON-JST-2026_2-2.pdf\">Ogloszenie-AOON-JST-2026_(2) (2)<\/a><a href=\"https:\/\/gops.krokowa.pl\/wp-content\/uploads\/2026\/01\/Ogloszenie-AOON-JST-2026_2-2.pdf\">Pobierz<\/a><\/p>\n\n\n\n<p><a href=\"https:\/\/gops.krokowa.pl\/wp-content\/uploads\/2026\/01\/RODO-do-programu-Asystent-Osobisty-Osoby-z-Niepelnosprawnoscia.pdf\">RODO do programu Asystent Osobisty Osoby z Niepe\u0142nosprawno\u015bci\u0105<\/a><a href=\"https:\/\/gops.krokowa.pl\/wp-content\/uploads\/2026\/01\/RODO-do-programu-Asystent-Osobisty-Osoby-z-Niepelnosprawnoscia.pdf\">Pobierz<\/a><\/p>\n\n\n\n<hr class=\"wp-block-separator has-alpha-channel-opacity\"\/>\n\n\n<div class=\"wp-block-image\">\n<figure class=\"aligncenter size-large\"><a href=\"https:\/\/gops.krokowa.pl\/wp-content\/uploads\/2026\/03\/Untitled02.png\"><img loading=\"lazy\" decoding=\"async\" width=\"724\" height=\"1024\" src=\"https:\/\/gops.krokowa.pl\/wp-content\/uploads\/2026\/03\/Untitled02-724x1024.png\" alt=\"\" class=\"wp-image-1999\" srcset=\"https:\/\/gops.krokowa.pl\/wp-content\/uploads\/2026\/03\/Untitled02-724x1024.png 724w, https:\/\/gops.krokowa.pl\/wp-content\/uploads\/2026\/03\/Untitled02-212x300.png 212w, https:\/\/gops.krokowa.pl\/wp-content\/uploads\/2026\/03\/Untitled02-768x1086.png 768w, https:\/\/gops.krokowa.pl\/wp-content\/uploads\/2026\/03\/Untitled02-1086x1536.png 1086w, https:\/\/gops.krokowa.pl\/wp-content\/uploads\/2026\/03\/Untitled02.png 1240w\" sizes=\"auto, (max-width: 724px) 100vw, 724px\" \/><\/a><\/figure>\n<\/div>\n\n\n<hr class=\"wp-block-separator has-alpha-channel-opacity\"\/>\n\n\n\n<p><strong>PROGRAM \u201eASYSTENT OSOBISTY OSOBY Z NIEPE\u0141NOSPRAWNO\u015aCI\u0104\u201d DLA JEDNOSTEK SAMORZ\u0104DU TERYTORIALNEGO &#8211; EDYCJA 2025<\/strong><\/p>\n\n\n<figure class=\"wp-block-image size-large\"><a href=\"https:\/\/gops.krokowa.pl\/wp-content\/uploads\/2021\/04\/Bez-tytu\u0142u.png\"><img loading=\"lazy\" decoding=\"async\" width=\"1024\" height=\"432\" class=\"wp-image-977 aligncenter\" src=\"https:\/\/gops.krokowa.pl\/wp-content\/uploads\/2021\/04\/Bez-tytu\u0142u-1024x432.png\" alt=\"\" srcset=\"https:\/\/gops.krokowa.pl\/wp-content\/uploads\/2021\/04\/Bez-tytu\u0142u-1024x432.png 1024w, https:\/\/gops.krokowa.pl\/wp-content\/uploads\/2021\/04\/Bez-tytu\u0142u-300x127.png 300w, https:\/\/gops.krokowa.pl\/wp-content\/uploads\/2021\/04\/Bez-tytu\u0142u-768x324.png 768w, https:\/\/gops.krokowa.pl\/wp-content\/uploads\/2021\/04\/Bez-tytu\u0142u-1536x648.png 1536w, https:\/\/gops.krokowa.pl\/wp-content\/uploads\/2021\/04\/Bez-tytu\u0142u.png 1920w\" sizes=\"auto, (max-width: 1024px) 100vw, 1024px\" \/><\/a><\/figure>\n\n\n<p><p><a href=\"https:\/\/gops.krokowa.pl\/wp-content\/uploads\/2025\/02\/Obraz1.jpg\"><img loading=\"lazy\" decoding=\"async\" width=\"300\" height=\"108\" class=\"size-medium wp-image-1810 aligncenter\" src=\"https:\/\/gops.krokowa.pl\/wp-content\/uploads\/2025\/02\/Obraz1-300x108.jpg\" alt=\"\"><\/a><\/p><br><p><strong>DOFINANSOWANO ZE \u015aRODK\u00d3W FUNDUSZU SOLIDARNO\u015aCIOWEGO<\/strong><\/p><p><strong style=\"font-size: revert;\">Gmina Krokowa przyst\u0105pi\u0142a do realizacji Programu \u201eAsystent osobisty osoby z niepe\u0142nosprawno\u015bci\u0105 dla Jednostek Samorz\u0105du Terytorialnego\u2013edycja 2025\u201d.<\/strong><\/p><p>\u00a0<strong style=\"font-size: revert;\">Program finansowany jest ze \u015brodk\u00f3w Funduszu Solidarno\u015bciowego Ministerstwa Rodziny i Polityki Spo\u0142ecznej.<\/strong><\/p><p><strong style=\"font-size: revert;\">Realizatorem Programu b\u0119dzie Gminny O\u015brodek Pomocy Spo\u0142ecznej w Krokowej.<\/strong><\/p><p>\u00a0<strong style=\"font-size: revert;\">Na realizacj\u0119 Programu Gmina Krokowa otrzyma\u0142a dofinansowanie w wysoko\u015bci : 315.955,00 z\u0142.<\/strong><span style=\"font-size: revert;\">\u00a0<\/span><\/p><p>G\u0142\u00f3wnym celem Programu jest wprowadzenie us\u0142ug asystencji osobistej jako formy og\u00f3lnodost\u0119pnego wsparcia w wykonywaniu codziennych czynno\u015bci oraz funkcjonowaniu w \u017cyciu spo\u0142ecznym.<\/p><p>Program jest elementem polityki spo\u0142ecznej pa\u0144stwa w zakresie:<\/p><p>1) poprawy jako\u015bci \u017cycia os\u00f3b z niepe\u0142nosprawno\u015bciami, w szczeg\u00f3lno\u015bci poprzez umo\u017cliwienie im jak najbardziej niezale\u017cnego \u017cycia;<br>2) wsparcia os\u00f3b z niepe\u0142nosprawno\u015bciami oraz zapewnienia pomocy adekwatnej do potrzeb;<br>3) uczestnictwa os\u00f3b z niepe\u0142nosprawno\u015bciami w wydarzeniach spo\u0142ecznych, kulturalnych, rozrywkowych lub sportowych itp.;<br>4) dofinansowania jednostek samorz\u0105du terytorialnego w ramach realizowanych zada\u0144 maj\u0105cych na celu wsparcie spo\u0142eczne os\u00f3b z niepe\u0142nosprawno\u015bciami;<br>5) zwi\u0119kszenia wsparcia asystenckiego dla uczni\u00f3w z niepe\u0142nosprawno\u015bciami ze specjalnymi potrzebami edukacyjnymi, tak\u017ce w innych wymiarach \u017cycia i funkcjonowania spo\u0142ecznego<\/p><br><p><strong>Adresatami Programu s\u0105:<\/strong><\/p><p>\u00a0<\/p><ol><li>dzieci od uko\u0144czenia 2. roku \u017cycia do uko\u0144czenia 16. roku \u017cycia posiadaj\u0105ce orzeczenie o niepe\u0142nosprawno\u015bci \u0142\u0105cznie ze wskazaniami w pkt 7 i 8 orzeczenia o niepe\u0142nosprawno\u015bci &#8211; konieczno\u015bci sta\u0142ej lub d\u0142ugotrwa\u0142ej opieki lub pomocy innej osoby w zwi\u0105zku ze znacznie ograniczon\u0105 mo\u017cliwo\u015bci\u0105 samodzielnej egzystencji oraz konieczno\u015bci sta\u0142ego wsp\u00f3\u0142udzia\u0142u na co dzie\u0144 opiekuna dziecka w procesie jego leczenia, rehabilitacji i edukacji oraz<\/li><br><li>osoby z niepe\u0142nosprawno\u015bciami posiadaj\u0105ce orzeczenie:<br>a) o znacznym stopniu niepe\u0142nosprawno\u015bci albo<br>b) o umiarkowanym stopniu niepe\u0142nosprawno\u015bci albo<br>c) traktowane na r\u00f3wni z orzeczeniami wymienionymi w lit. a i b, zgodnie z art. 5 i art. 62 ustawy z dnia 27 sierpnia 1997 r. o rehabilitacji zawodowej i spo\u0142ecznej oraz zatrudnianiu os\u00f3b niepe\u0142nosprawnych.<\/li><br><\/ol><p><strong>Dodatkowe za\u0142o\u017cenie:<\/strong><\/p><p>\u00a0<span style=\"font-size: revert;\">Osoby wymagaj\u0105ce wysokiego poziomu wsparcia b\u0119d\u0105 stanowi\u0142y minimum 50% uczestnik\u00f3w Programu.<\/span><\/p><br><p><strong>Us\u0142ugi asystencji osobistej polegaj\u0105 na wspieraniu przez asystenta osoby z niepe\u0142nosprawno\u015bci\u0105 w r\u00f3\u017cnych sferach \u017cycia, w tym:<\/strong><\/p><br><p>\u00a0<\/p><br><p>1) wsparcia uczestnika w czynno\u015bciach samoobs\u0142ugowych, w tym utrzymaniu higieny osobistej;<\/p><p>2) wsparcia uczestnika w prowadzeniu gospodarstwa domowego i wype\u0142nianiu r\u00f3l w rodzinie;<\/p><p>3) wsparcia uczestnika w przemieszczaniu si\u0119 poza miejscem zamieszkania;<\/p><p>4) wsparcia uczestnika w podejmowaniu aktywno\u015bci \u017cyciowej i komunikowaniu si\u0119 z otoczeniem.<\/p><br><p><a href=\"https:\/\/www.gov.pl\/web\/uw-opolski\/asystent-osobisty-osoby-z-niepelnosprawnoscia-dla-jednostek-samorzadu-terytorialnego---edycja-2025\">Program \u201eAsystent osobisty osoby z niepe\u0142nosprawno\u015bci\u0105 dla Jednostek Samorz\u0105du Terytorialnego\u2013 edycja 2025\u201d<\/a><\/p><p><span style=\"font-size: revert;\">Osoby zainteresowane spe\u0142niaj\u0105ce warunki prosimy o kontakt telefoniczny lub osobisty z pracownikami socjalnymi Gminnego O\u015brodka Pomocy Spo\u0142ecznej w Krokowej<\/span><\/p><br><p><strong>Poniedzia\u0142ek \u00a0\u00a0\u00a0\u00a0\u00a0\u00a0\u00a0\u00a0\u00a0\u00a0\u00a0\u00a0 \u00a07.30-15.30<\/strong><strong><br>Wtorek\u00a0\u00a0\u00a0\u00a0\u00a0\u00a0\u00a0\u00a0\u00a0\u00a0\u00a0\u00a0\u00a0\u00a0\u00a0\u00a0\u00a0\u00a0\u00a0\u00a0\u00a0\u00a0 7.30-15.30<br>\u015aroda \u00a0\u00a0\u00a0\u00a0\u00a0\u00a0\u00a0\u00a0\u00a0\u00a0\u00a0\u00a0\u00a0\u00a0\u00a0\u00a0\u00a0\u00a0\u00a0\u00a0\u00a0\u00a0\u00a0 \u00a07.30-15.30<br>Czwartek \u00a0\u00a0\u00a0\u00a0\u00a0\u00a0\u00a0\u00a0\u00a0\u00a0\u00a0\u00a0\u00a0\u00a0\u00a0\u00a0\u00a0 \u00a07.30-17.00<br>Pi\u0105tek\u00a0\u00a0\u00a0\u00a0\u00a0\u00a0\u00a0\u00a0\u00a0\u00a0\u00a0\u00a0\u00a0\u00a0\u00a0\u00a0\u00a0\u00a0\u00a0\u00a0\u00a0\u00a0\u00a0\u00a0 7.30-14.00<\/strong><\/p><br><p>pod numerami:<\/p><br><p>58\/506 54 35 \u2013 Starszy pracownik socjalny Pani Danuta Szwarc<br>58\/506 54 35 \u2013 Pracownik socjalny Pani Ma\u0142gorzata Kr\u00f3likowska<br>58\/506 54 35 \u2013 Starszy pracownik socjalny Pani Angelika Hallmann<br>58\/506 54 38 \u2013 Starszy specjalista pracy socjalnej Pani Kamila Jezierska<br>58\/506 54 38 \u2013 Starszy pracownik socjalny Pani Monika Wi\u015bnios<\/p><br><p style=\"text-align: center;\"><a href=\"https:\/\/gops.krokowa.pl\/wp-content\/uploads\/2025\/02\/min_rodz_pracy.png\"><img loading=\"lazy\" decoding=\"async\" width=\"300\" height=\"87\" class=\"alignnone size-medium wp-image-1812\" src=\"https:\/\/gops.krokowa.pl\/wp-content\/uploads\/2025\/02\/min_rodz_pracy-300x87.png\" alt=\"\"><\/a><\/p><\/p>\n\n\n\n<p><\/p>\n","protected":false},"excerpt":{"rendered":"<p>Nab\u00f3r do Programu \u201eAsystent Osobisty Osoby z Niepe\u0142nosprawno\u015bci\u0105\u201d dla Jednostek Samorz\u0105du Terytorialnego- edycja 2026 Gminny O\u015brodek Pomocy Spo\u0142ecznej w Krokowej zaprasza mieszka\u0144c\u00f3w Gminy Krokowa do udzia\u0142u w Programie \u201eAsystent osobisty osoby z niepe\u0142nosprawno\u015bci\u0105\u201d dla Jednostek Samorz\u0105du Terytorialnego \u2013 edycja 2026, kt\u00f3ry finansowany b\u0119dzie ze \u015brodk\u00f3w pa\u0144stwowego funduszu celowego \u2013 Funduszu Solidarno\u015bciowego. CEL PROGRAMU: G\u0142\u00f3wnym celem &hellip; <a href=\"https:\/\/gops.krokowa.pl\/asystent-osobisty-osoby-z-niepelnosprawnoscia\/\" class=\"more-link\">Czytaj dalej <span class=\"screen-reader-text\">Asystent osobisty osoby z niepe\u0142nosprawno\u015bci\u0105<\/span> <span class=\"meta-nav\">&rarr;<\/span><\/a><\/p>\n","protected":false},"author":4,"featured_media":0,"parent":0,"menu_order":0,"comment_status":"closed","ping_status":"closed","template":"","meta":{"footnotes":""},"class_list":["post-1593","page","type-page","status-publish","hentry"],"_links":{"self":[{"href":"https:\/\/gops.krokowa.pl\/wp-json\/wp\/v2\/pages\/1593","targetHints":{"allow":["GET"]}}],"collection":[{"href":"https:\/\/gops.krokowa.pl\/wp-json\/wp\/v2\/pages"}],"about":[{"href":"https:\/\/gops.krokowa.pl\/wp-json\/wp\/v2\/types\/page"}],"author":[{"embeddable":true,"href":"https:\/\/gops.krokowa.pl\/wp-json\/wp\/v2\/users\/4"}],"replies":[{"embeddable":true,"href":"https:\/\/gops.krokowa.pl\/wp-json\/wp\/v2\/comments?post=1593"}],"version-history":[{"count":8,"href":"https:\/\/gops.krokowa.pl\/wp-json\/wp\/v2\/pages\/1593\/revisions"}],"predecessor-version":[{"id":2003,"href":"https:\/\/gops.krokowa.pl\/wp-json\/wp\/v2\/pages\/1593\/revisions\/2003"}],"wp:attachment":[{"href":"https:\/\/gops.krokowa.pl\/wp-json\/wp\/v2\/media?parent=1593"}],"curies":[{"name":"wp","href":"https:\/\/api.w.org\/{rel}","templated":true}]}}