{"id":650,"date":"2019-06-28T09:02:06","date_gmt":"2019-06-28T09:02:06","guid":{"rendered":"http:\/\/gops.krokowa.pl\/?page_id=650"},"modified":"2025-04-04T09:42:35","modified_gmt":"2025-04-04T09:42:35","slug":"informacja-dot-fa","status":"publish","type":"page","link":"https:\/\/gops.krokowa.pl\/informacja-dot-fa\/","title":{"rendered":"Informacja dotycz\u0105ca funduszu alimentacyjnego"},"content":{"rendered":"<header class=\"entry-header\">\n<h1 class=\"entry-title\"><\/h1>\n<\/header>\n<div class=\"entry-content\">\n<p><strong>\u015awiadczenia z funduszu alimentacyjnego<\/strong><br \/>\nOsob\u0105 uprawnion\u0105 do \u015bwiadcze\u0144 z funduszu alimentacyjnego jest dziecko, kt\u00f3re ma zas\u0105dzone od rodzica alimenty (mog\u0105 to by\u0107 r\u00f3wnie\u017c alimenty na podstawie ugody zawartej przed s\u0105dem), je\u017celi egzekucja aliment\u00f3w jest bezskuteczna. \u015awiadczenia z FA przys\u0142uguj\u0105:<br \/>\n\u2981 do uko\u0144czenia 18 roku \u017cycia;<br \/>\n\u2981 do uko\u0144czenia nauki w szkole lub szkole wy\u017cszej, jednak nie d\u0142u\u017cej ni\u017c do uko\u0144czenia 25 roku \u017cycia;<br \/>\n\u2981 bezterminowo, je\u017celi osoba uprawniona legitymuje si\u0119 orzeczeniem o znacznym stopniu niepe\u0142nosprawno\u015bci.<\/p>\n<p>Warunkiem niezb\u0119dnym do otrzymywania \u015bwiadcze\u0144 z funduszu alimentacyjnego jest spe\u0142nienie KRYTERIUM DOCHODOWEGO, kt\u00f3re wynosi 1209,00 z\u0142 netto na osob\u0119 w rodzinie. \u015awiadczenie wyp\u0142acane jest miesi\u0119cznie w kwocie, kt\u00f3ra jest w wyroku, ale nie wi\u0119cej ni\u017c 1000 z\u0142 na osob\u0119 uprawnion\u0105.<\/p>\n<p><strong>\u015awiadczenie z funduszu nie przys\u0142uguje, je\u017celi osoba uprawniona (dziecko):<\/strong><br \/>\n\u2013 zosta\u0142a umieszczona w instytucji zapewniaj\u0105cej ca\u0142odobowe\u00a0 \u00a0 \u00a0 utrzymanie\u00a0 lub zosta\u0142a umieszczona w pieczy zast\u0119pczej;<br \/>\n\u2013 zawar\u0142a zwi\u0105zek ma\u0142\u017ce\u0144ski;<\/p>\n<p><strong>Do wniosku do\u0142\u0105czamy:<\/strong><br \/>\n1. Odpis podlegaj\u0105cego wykonaniu orzeczenia s\u0105du zas\u0105dzaj\u0105cego alimenty, odpis postanowienia s\u0105du o zabezpieczenie pow\u00f3dztwa o alimenty, odpis protoko\u0142u zawieraj\u0105cego tre\u015b\u0107 ugody s\u0105dowej lub ugody zawartej przed mediatorem.<br \/>\n2. Za\u015bwiadczenie organu prowadz\u0105cego post\u0119powanie egzekucyjne o bezskuteczno\u015bci egzekucji \u015bwiadcze\u0144 alimentacyjnych zawieraj\u0105ce informacj\u0119 o stanie egzekucji, przyczynach jej bezskuteczno\u015bci oraz o dzia\u0142aniach podejmowanych w celu wyegzekwowania zas\u0105dzonych \u015bwiadcze\u0144 alimentacyjnych.<br \/>\n3. Za\u015bwiadczenie od komornika prowadz\u0105cego spraw\u0119 egzekucyjn\u0105 z zakresu niealimentacji o wysoko\u015bci wyegzekwowanych aliment\u00f3w w roku 2023.<br \/>\n4.W przypadku, gdy egzekucja aliment\u00f3w nie jest prowadzona w Polsce, gdy\u017c d\u0142u\u017cnik mieszka za granic\u0105, w celu potwierdzenia bezskuteczno\u015bci egzekucji, do wniosku o przyznanie \u015bwiadczenia z FA wnioskodawca musi do\u0142\u0105czy\u0107 odpowiednie za\u015bwiadczenie z s\u0105du okr\u0119gowego (lub innego w\u0142a\u015bciwego s\u0105du) lub zagranicznej instytucji egzekucyjnej, potwierdzaj\u0105ce bezskuteczno\u015b\u0107 egzekucji zas\u0105dzonych aliment\u00f3w lub niemo\u017cno\u015b\u0107 prowadzenia egzekucji.<br \/>\n5.O\u015bwiadczenia o dochodach niepodlegaj\u0105cych opodatkowaniu za rok kalendarzowy poprzedzaj\u0105cy okres \u015bwiadczeniowy cz\u0142onk\u00f3w rodziny, kt\u00f3rzy osi\u0105gn\u0119li takie dochody.<br \/>\n6.Za\u015bwiadczenie naczelnika urz\u0119du skarbowego, dotycz\u0105ce cz\u0142onk\u00f3w rodziny rozliczaj\u0105cych si\u0119 na podstawie przepis\u00f3w o zrycza\u0142towanym podatku dochodowym od niekt\u00f3rych przychod\u00f3w osi\u0105ganych przez osoby fizyczne, zawieraj\u0105ce informacje odpowiednio o:<br \/>\n\u2013 formie op\u0142acanego podatku,<br \/>\n-wysoko\u015bci przychodu,<br \/>\n-stawce podatku,<br \/>\n-wysoko\u015bci op\u0142aconego podatku<br \/>\n-w roku kalendarzowym poprzedzaj\u0105cym okres \u015bwiadczeniowy;<br \/>\n7. Orzeczenie s\u0105du rodzinnego o ustaleniu opiekuna prawnego dla osoby uprawnionej.<br \/>\n8. O\u015bwiadczenie o ucz\u0119szczaniu osoby uprawnionej do szko\u0142y lub szko\u0142y wy\u017cszej.<br \/>\n9. W przypadku utraty dochodu lub uzyskania dochodu do wniosku o \u015bwiadczenie z funduszu alimentacyjnego nale\u017cy do\u0142\u0105czy\u0107 dokumenty potwierdzaj\u0105ce ich utrat\u0119 lub uzyskanie oraz ich wysoko\u015b\u0107.<br \/>\n10. Inne dokumenty, w tym o\u015bwiadczenia, uznane za niezb\u0119dne do ustalenia prawa do \u015bwiadcze\u0144 z funduszu alimentacyjnego.<\/p>\n<\/div>\n","protected":false},"excerpt":{"rendered":"<p>\u015awiadczenia z funduszu alimentacyjnego Osob\u0105 uprawnion\u0105 do \u015bwiadcze\u0144 z funduszu alimentacyjnego jest dziecko, kt\u00f3re ma zas\u0105dzone od rodzica alimenty (mog\u0105 to by\u0107 r\u00f3wnie\u017c alimenty na podstawie ugody zawartej przed s\u0105dem), je\u017celi egzekucja aliment\u00f3w jest bezskuteczna. \u015awiadczenia z FA przys\u0142uguj\u0105: \u2981 do uko\u0144czenia 18 roku \u017cycia; \u2981 do uko\u0144czenia nauki w szkole lub szkole wy\u017cszej, jednak &hellip; <a href=\"https:\/\/gops.krokowa.pl\/informacja-dot-fa\/\" class=\"more-link\">Czytaj dalej <span class=\"screen-reader-text\">Informacja dotycz\u0105ca funduszu alimentacyjnego<\/span> <span class=\"meta-nav\">&rarr;<\/span><\/a><\/p>\n","protected":false},"author":4,"featured_media":0,"parent":0,"menu_order":0,"comment_status":"closed","ping_status":"closed","template":"","meta":{"footnotes":""},"class_list":["post-650","page","type-page","status-publish","hentry"],"_links":{"self":[{"href":"https:\/\/gops.krokowa.pl\/wp-json\/wp\/v2\/pages\/650","targetHints":{"allow":["GET"]}}],"collection":[{"href":"https:\/\/gops.krokowa.pl\/wp-json\/wp\/v2\/pages"}],"about":[{"href":"https:\/\/gops.krokowa.pl\/wp-json\/wp\/v2\/types\/page"}],"author":[{"embeddable":true,"href":"https:\/\/gops.krokowa.pl\/wp-json\/wp\/v2\/users\/4"}],"replies":[{"embeddable":true,"href":"https:\/\/gops.krokowa.pl\/wp-json\/wp\/v2\/comments?post=650"}],"version-history":[{"count":5,"href":"https:\/\/gops.krokowa.pl\/wp-json\/wp\/v2\/pages\/650\/revisions"}],"predecessor-version":[{"id":1839,"href":"https:\/\/gops.krokowa.pl\/wp-json\/wp\/v2\/pages\/650\/revisions\/1839"}],"wp:attachment":[{"href":"https:\/\/gops.krokowa.pl\/wp-json\/wp\/v2\/media?parent=650"}],"curies":[{"name":"wp","href":"https:\/\/api.w.org\/{rel}","templated":true}]}}