{"id":700,"date":"2019-08-05T10:10:16","date_gmt":"2019-08-05T10:10:16","guid":{"rendered":"http:\/\/gops.krokowa.pl\/?page_id=700"},"modified":"2024-01-11T14:45:17","modified_gmt":"2024-01-11T14:45:17","slug":"ogolnopolska-karta-duzej-rodziny","status":"publish","type":"page","link":"https:\/\/gops.krokowa.pl\/ogolnopolska-karta-duzej-rodziny\/","title":{"rendered":"Og\u00f3lnopolska Karta Du\u017cej Rodziny"},"content":{"rendered":"\n<p><strong>Karta Du\u017cej Rodziny w aplikacji mObywatel.<\/strong><\/p>\n\n\n\n<p>Od dnia 9 czerwca 2021 r. w wyniku nowelizacji ustawy Karta Du\u017cej Rodziny jest dost\u0119pna w publicznej aplikacji mobilnej mObywatel.<\/p>\n\n\n\n<p>Oznacza to, \u017ce KA\u017bDY posiadacz Karty, niezale\u017cnie od tego w jakiej formie (tradycyjna\/elektroniczna\/obie formy) dotychczas mia\u0142 przyznan\u0105 Kart\u0119 Du\u017cej Rodziny \u2013 od dnia 9 czerwca 2021r. mo\u017ce z niej korzysta\u0107 poprzez aplikacj\u0119 mObywatel.<\/p>\n\n\n\n<p>Warunkiem umo\u017cliwiaj\u0105cym korzystanie z Karty Du\u017cej Rodziny poprzez aplikacj\u0119 jest dost\u0119p do aplikacji mObywatel.<\/p>\n\n\n\n<p><strong>Aplikacja mObywatel umo\u017cliwia:<\/strong><\/p>\n\n\n\n<ul class=\"wp-block-list\">\n<li>pobranie karty w wersji elektronicznej, ka\u017cdemu posiadaczowi Karty, posiadaj\u0105cemu PESEL oraz dow\u00f3d osobisty, a w przypadku dzieci mLegitymacj\u0119 \u2013 bez konieczno\u015bci wnioskowania o&nbsp; kart\u0119 elektroniczn\u0105;<\/li>\n\n\n\n<li>uwierzytelnianie si\u0119 osoby loguj\u0105cej profilem zaufanym;<\/li>\n\n\n\n<li>wy\u015bwietlanie przez rodzic\u00f3w i ma\u0142\u017conk\u00f3w rodzic\u00f3w Kart pozosta\u0142ych cz\u0142onk\u00f3w ich rodzin.<\/li>\n<\/ul>\n\n\n\n<p>Link do aplikacji mObywatel:&nbsp;<\/p>\n\n\n\n<p><a href=\"https:\/\/www.gov.pl\/web\/mobywatel\/mobywatel-dokument\">https:\/\/www.gov.pl\/web\/mobywatel\/mobywatel-dokument<\/a><\/p>\n\n\n\n<p><strong>Wa\u017cne:<\/strong><\/p>\n\n\n\n<p>Od 01-03-2023 r. zmianie ulegaj\u0105 r\u00f3wnie\u017c op\u0142aty za:<\/p>\n\n\n\n<ul class=\"wp-block-list\">\n<li>wydanie duplikatu karty \u2013 op\u0142ata wynosi 13,00 z\u0142<\/li>\n\n\n\n<li>dom\u00f3wienie tradycyjnej formy karty \u2013 op\u0142ata wynosi 10,00 z\u0142<\/li>\n<\/ul>\n\n\n\n<hr class=\"wp-block-separator has-alpha-channel-opacity\"\/>\n\n\n\n<p>Karta Du\u017cej Rodziny to system zni\u017cek i dodatkowych uprawnie\u0144 dla rodzin 3+ zar\u00f3wno w instytucjach publicznych, jak i w firmach prywatnych. Posiadacze KDR maj\u0105 mo\u017cliwo\u015b\u0107 ta\u0144szego korzystania z oferty podmiot\u00f3w m.in. z bran\u017cy spo\u017cywczej, paliwowej, bankowej czy rekreacyjnej. KDR wspiera bud\u017cety rodzin wielodzietnych oraz u\u0142atwia dost\u0119p do d\u00f3br i us\u0142ug.<\/p>\n\n\n\n<p>Od 1 stycznia 2019r. o przyznanie Karty Du\u017cej Rodziny mog\u0105 ubiega\u0107 si\u0119 nie tylko cz\u0142onkowie rodzin, w kt\u00f3rych w chwili sk\u0142adania wniosku co najmniej troje dzieci spe\u0142nia warunki ustawy, ale r\u00f3wnie\u017c rodzice i ma\u0142\u017conkowie rodzic\u00f3w, kt\u00f3rzy mieli na utrzymaniu \u0142\u0105cznie co najmniej troje dzieci, bez wzgl\u0119du na wiek tych dzieci w chwili sk\u0142adania wniosku.<\/p>\n\n\n\n<p>Aby otrzyma\u0107 Kart\u0119 Du\u017cej Rodziny nale\u017cy z\u0142o\u017cy\u0107 wniosek.<\/p>\n\n\n\n<p>Karta jest przyznawana niezale\u017cnie od dochodu w rodzinie.<\/p>\n\n\n\n<p>Druki wniosku dost\u0119pne s\u0105 w siedzibie Gminnego O\u015brodka Pomocy Spo\u0142ecznej w Krokowej oraz mo\u017cna je pobra\u0107 z niniejszej strony.<\/p>\n\n\n\n<p>Wniosek mo\u017cna r\u00f3wnie\u017c z\u0142o\u017cy\u0107 elektronicznie, za po\u015brednictwem Platformy Informacyjno-Us\u0142ugowej Emp@tia (<a href=\"https:\/\/empatia.mpips.gov.pl\/\">https:\/\/empatia.mpips.gov.pl\/<\/a>).<\/p>\n\n\n\n<p>Wydanie Karty Du\u017cej Rodziny jest bezp\u0142atne, chyba \u017ce posiadasz ju\u017c jedn\u0105 form\u0119 karty, a sk\u0142adasz wniosek o dodatkow\u0105 form\u0119, wtedy&nbsp; nale\u017cy ponie\u015b\u0107 op\u0142at\u0119 10,00 z\u0142 . Duplikat Karty Du\u017cej Rodziny, wydawany w przypadku zgubienia b\u0105d\u017a kradzie\u017cy Karty kosztuje 13,00 z\u0142.<\/p>\n\n\n\n<p>Druki do &nbsp;pobrania<\/p>\n\n\n\n<p><a href=\"https:\/\/empatia.mpips.gov.pl\/wzory-dokumentow\">https:\/\/empatia.mpips.gov.pl\/wzory-dokumentow<\/a><\/p>\n","protected":false},"excerpt":{"rendered":"<p>Karta Du\u017cej Rodziny w aplikacji mObywatel. Od dnia 9 czerwca 2021 r. w wyniku nowelizacji ustawy Karta Du\u017cej Rodziny jest dost\u0119pna w publicznej aplikacji mobilnej mObywatel. Oznacza to, \u017ce KA\u017bDY posiadacz Karty, niezale\u017cnie od tego w jakiej formie (tradycyjna\/elektroniczna\/obie formy) dotychczas mia\u0142 przyznan\u0105 Kart\u0119 Du\u017cej Rodziny \u2013 od dnia 9 czerwca 2021r. mo\u017ce z niej &hellip; <a href=\"https:\/\/gops.krokowa.pl\/ogolnopolska-karta-duzej-rodziny\/\" class=\"more-link\">Czytaj dalej <span class=\"screen-reader-text\">Og\u00f3lnopolska Karta Du\u017cej Rodziny<\/span> <span class=\"meta-nav\">&rarr;<\/span><\/a><\/p>\n","protected":false},"author":4,"featured_media":0,"parent":0,"menu_order":0,"comment_status":"closed","ping_status":"closed","template":"","meta":{"footnotes":""},"class_list":["post-700","page","type-page","status-publish","hentry"],"_links":{"self":[{"href":"https:\/\/gops.krokowa.pl\/wp-json\/wp\/v2\/pages\/700","targetHints":{"allow":["GET"]}}],"collection":[{"href":"https:\/\/gops.krokowa.pl\/wp-json\/wp\/v2\/pages"}],"about":[{"href":"https:\/\/gops.krokowa.pl\/wp-json\/wp\/v2\/types\/page"}],"author":[{"embeddable":true,"href":"https:\/\/gops.krokowa.pl\/wp-json\/wp\/v2\/users\/4"}],"replies":[{"embeddable":true,"href":"https:\/\/gops.krokowa.pl\/wp-json\/wp\/v2\/comments?post=700"}],"version-history":[{"count":10,"href":"https:\/\/gops.krokowa.pl\/wp-json\/wp\/v2\/pages\/700\/revisions"}],"predecessor-version":[{"id":1562,"href":"https:\/\/gops.krokowa.pl\/wp-json\/wp\/v2\/pages\/700\/revisions\/1562"}],"wp:attachment":[{"href":"https:\/\/gops.krokowa.pl\/wp-json\/wp\/v2\/media?parent=700"}],"curies":[{"name":"wp","href":"https:\/\/api.w.org\/{rel}","templated":true}]}}