{"id":772,"date":"2020-03-05T09:45:04","date_gmt":"2020-03-05T09:45:04","guid":{"rendered":"http:\/\/gops.krokowa.pl\/?page_id=772"},"modified":"2024-01-11T14:35:32","modified_gmt":"2024-01-11T14:35:32","slug":"zasady-udzielania-pomocy","status":"publish","type":"page","link":"https:\/\/gops.krokowa.pl\/zasady-udzielania-pomocy\/","title":{"rendered":"ZASADY UDZIELANIA POMOCY"},"content":{"rendered":"\n<p>Pomoc spo\u0142eczna jest\ninstytucj\u0105 polityki spo\u0142ecznej pa\u0144stwa, maj\u0105c\u0105 na celu umo\u017cliwienie osobom i\nrodzinom przezwyci\u0119\u017canie trudnych sytuacji \u017cyciowych, kt\u00f3rych nie s\u0105 one w\nstanie pokona\u0107, wykorzystuj\u0105c w\u0142asne uprawnienia, zasoby i mo\u017cliwo\u015bci oferuj\u0105c\npomoc w formie \u015bwiadcze\u0144.<\/p>\n\n\n\n<p>Zadania w zakresie pomocy spo\u0142ecznej, rodzaje \u015bwiadcze\u0144, zasady i tryb ich udzielania oraz organizacj\u0119 pomocy  spo\u0142ecznej okre\u015bla ustawa z 12 marca 2004 r. o pomocy spo\u0142ecznej oraz akty wykonawcze do ww. ustawy.<\/p>\n\n\n\n<p><strong>Prawo do \u015bwiadcze\u0144 z pomocy spo\u0142ecznej przys\u0142uguje zgodnie z ustaw\u0105 o\npomocy spo\u0142ecznej: <\/strong><\/p>\n\n\n\n<ul class=\"wp-block-list\">\n<li>osobom posiadaj\u0105cym obywatelstwo polskie maj\u0105cym miejsce zamieszkania i przebywaj\u0105cym na terytorium Rzeczypospolitej Polskiej;<\/li>\n\n\n\n<li>cudzoziemcom maj\u0105cym miejsce zamieszkania i przebywaj\u0105cym na terytorium Rzeczypospolitej Polskiej:<br> a) na podstawie zezwolenia na pobyt sta\u0142y, zezwolenia na pobyt rezydenta d\u0142ugoterminowego Unii Europejskiej, zezwolenia na pobyt czasowy udzielonego w zwi\u0105zku z okoliczno\u015bci\u0105, o kt\u00f3rej mowa w art. 159 ust. 1 pkt 1 lit. c lub d lub w art. 186 ust. 1 pkt 3 ustawy z dnia 12 grudnia 2013 r. o cudzoziemcach (Dz. U. z 2020r., poz. 35, 2023, 2320 i 2369 oraz z 2021r., poz. 159 i 1918), lub w zwi\u0105zku z uzyskaniem w Rzeczypospolitej Polskiej statusu uchod\u017acy lub ochrony uzupe\u0142niaj\u0105cej,<br> b) w zwi\u0105zku z uzyskaniem w Rzeczypospolitej Polskiej zgody na pobyt ze wzgl\u0119d\u00f3w humanitarnych lub zgody na pobyt tolerowany \u2013 w formie schronienia, posi\u0142ku, niezb\u0119dnego ubrania oraz zasi\u0142ku celowego;<\/li>\n\n\n\n<li>maj\u0105cym miejsce zamieszkania i przebywaj\u0105cym na terytorium Rzeczypospolitej Polskiej obywatelom pa\u0144stw cz\u0142onkowskich Unii Europejskiej, pa\u0144stw cz\u0142onkowskich Europejskiego Porozumienia o Wolnym Handlu (EFTA) \u2013 stron umowy o Europejskim Obszarze Gospodarczym lub Konfederacji Szwajcarskiej oraz cz\u0142onkom ich rodzin w rozumieniu art. 2 pkt 4 ustawy z dnia 14 lipca 2006 r. o wje\u017adzie na terytorium Rzeczypospolitej Polskiej, pobycie oraz wyje\u017adzie z tego terytorium obywateli pa\u0144stw cz\u0142onkowskich Unii Europejskiej i cz\u0142onk\u00f3w ich rodzin (Dz. U. z 2021r., poz. 1697), posiadaj\u0105cym prawo pobytu lub prawo sta\u0142ego pobytu na terytorium Rzeczypospolitej Polskiej.<\/li>\n<\/ul>\n\n\n\n<p><strong>Pomocy spo\u0142ecznej udziela si\u0119 osobom i rodzinom w szczeg\u00f3lno\u015bci z powodu:<\/strong><\/p>\n\n\n\n<ul class=\"wp-block-list\">\n<li>ub\u00f3stwa,<\/li>\n\n\n\n<li>sieroctwa,<\/li>\n\n\n\n<li>bezdomno\u015bci,<\/li>\n\n\n\n<li>bezrobocia,<\/li>\n\n\n\n<li>niepe\u0142nosprawno\u015bci,<\/li>\n\n\n\n<li>d\u0142ugotrwa\u0142ej lub ci\u0119\u017ckiej choroby,<\/li>\n\n\n\n<li>przemocy w rodzinie,<\/li>\n\n\n\n<li>potrzeby ochrony ofiar handlu lud\u017ami,<\/li>\n\n\n\n<li>potrzeby ochrony macierzy\u0144stwa lub wielodzietno\u015bci,<\/li>\n\n\n\n<li>bezradno\u015bci w sprawach opieku\u0144czo-wychowawczych i prowadzenia gospodarstwa\ndomowego, zw\u0142aszcza w rodzinach niepe\u0142nych lub wielodzietnych,<\/li>\n\n\n\n<li>trudno\u015bci w integracji cudzoziemc\u00f3w, kt\u00f3rzy uzyskali w Rzeczypospolitej\nPolskiej status uchod\u017acy, ochron\u0119 uzupe\u0142niaj\u0105c\u0105 lub zezwolenie na pobyt czasowy\nudzielone w zwi\u0105zku z okoliczno\u015bci\u0105, o kt\u00f3rej mowa w art. 159 ust. 1 pkt 1 lit.\nc lub d ustawy z dnia 12 grudnia 2013 r. o cudzoziemcach,<\/li>\n\n\n\n<li>trudno\u015bci w przystosowaniu do \u017cycia po zwolnieniu z zak\u0142adu karnego,<\/li>\n\n\n\n<li>alkoholizmu lub narkomanii,<\/li>\n\n\n\n<li>zdarzenia losowego i sytuacji kryzysowej,<\/li>\n\n\n\n<li>kl\u0119ski \u017cywio\u0142owej lub ekologicznej.<\/li>\n<\/ul>\n\n\n\n<p><strong>Inne zasady obowi\u0105zuj\u0105ce przy przyznawaniu pomocy spo\u0142ecznej:<\/strong><\/p>\n\n\n\n<ul class=\"wp-block-list\">\n<li>Osoby i rodziny korzystaj\u0105ce z pomocy spo\u0142ecznej s\u0105 obowi\u0105zane do\nwsp\u00f3\u0142dzia\u0142ania w rozwi\u0105zywaniu ich trudnej sytuacji \u017cyciowej. Brak tej\nwsp\u00f3\u0142pracy skutkuje znacznym ograniczeniem, lub odmow\u0105 udzielenia pomocy.\nWsp\u00f3\u0142praca ta polega na ustalaniu wsp\u00f3lnych cel\u00f3w i zada\u0144 do realizacji przez\nobie strony tak, aby efektem pomocy by\u0142o rozwi\u0105zanie wiod\u0105cego problemu osoby\nlub rodziny korzystaj\u0105cej z pomocy.<\/li>\n\n\n\n<li>Prawo do \u015bwiadcze\u0144 z pomocy spo\u0142ecznej uwarunkowane jest wykazaniem si\u0119\nw\u0142asn\u0105 aktywno\u015bci\u0105 w&nbsp;zakresie zaspokajania swych potrzeb \u017cyciowych. Pomoc\nspo\u0142eczna nie mo\u017ce stanowi\u0107 sta\u0142ego \u017ar\u00f3d\u0142a utrzymania, zw\u0142aszcza dla os\u00f3b,\nkt\u00f3re maj\u0105 wszelkie warunki do tego, aby podj\u0105\u0107 prac\u0119.<\/li>\n\n\n\n<li>Osobie odbywaj\u0105cej kar\u0119 pozbawienia wolno\u015bci nie przys\u0142uguje prawo do\n\u015bwiadcze\u0144 z pomocy spo\u0142ecznej.<\/li>\n\n\n\n<li>Osobie tymczasowo aresztowanej zawiesza si\u0119 prawo do \u015bwiadcze\u0144 z pomocy\nspo\u0142ecznej, a za okres tymczasowego aresztowania nie udziela si\u0119 \u015bwiadcze\u0144.<\/li>\n\n\n\n<li>Pracownicy o\u015brodka w nielicznych przypadkach przeprowadzaj\u0105 wywiad w celu\nprzyznania \u015bwiadcze\u0144 opieki zdrowotnej, finansowanych ze \u015brodk\u00f3w publicznych.\nPomocy ta kierowana jest do os\u00f3b, kt\u00f3re nie maj\u0105 mo\u017cliwo\u015bci uzyskania\nubezpieczenia z innego tytu\u0142u (np. nie mog\u0105 zarejestrowa\u0107 si\u0119 w Urz\u0119dzie Pracy,\nczy nie mog\u0105 by\u0107 zg\u0142oszone do ubezpieczenia przez cz\u0142onka rodziny).<\/li>\n<\/ul>\n\n\n\n<p><strong>Prawo do \u015bwiadcze\u0144 pieni\u0119\u017cnych przys\u0142uguje<\/strong>:<\/p>\n\n\n\n<ul class=\"wp-block-list\">\n<li>osobie samotnie gospodaruj\u0105cej, kt\u00f3rej doch\u00f3d nie przekracza  kwoty <strong>776 z\u0142<\/strong> (zwanej kryterium dochodowym osoby samotnie gospodaruj\u0105cej),<\/li>\n\n\n\n<li>osobie w rodzinie, w kt\u00f3rej doch\u00f3d na osob\u0119 nie przekracza kwoty <strong>600 z\u0142<\/strong>, (zwanej kryterium dochodowym osoby w rodzinie),<\/li>\n\n\n\n<li>rodzinie, kt\u00f3rej doch\u00f3d nie przekracza sumy kwot kryterium dochodowego na osob\u0119 w rodzinie.<\/li>\n<\/ul>\n\n\n\n<p>&#8211; przy jednoczesnym wyst\u0105pieniu co najmniej jednego z powod\u00f3w wymienionych\nw art. 7 pkt 2-15 lub innych okoliczno\u015bci uzasadniaj\u0105cych udzielenie pomocy\nspo\u0142ecznej.<br>\n&nbsp;<\/p>\n\n\n\n<p>Kryteria dochodowe\npodlegaj\u0105 weryfikacji, co 3 lata, z uwzgl\u0119dnieniem wyniku bada\u0144 progu\ninterwencji socjalnej.<\/p>\n\n\n\n<p>Ustawa o pomocy\nspo\u0142ecznej nak\u0142ada na gmin\u0119 obowi\u0105zek udzielania pomocy osobom i rodzinom\nznajduj\u0105cym si\u0119 w trudnej sytuacji \u017cyciowej. Pomoc spo\u0142eczna mo\u017ce by\u0107\n\u015bwiadczona w formie pieni\u0119\u017cnej i niepieni\u0119\u017cnej. Ustawa zawiera katalog\n\u015bwiadcze\u0144 o charakterze obowi\u0105zkowym i fakultatywnym.<\/p>\n\n\n\n<p><strong>Za doch\u00f3d uwa\u017ca si\u0119 <\/strong>sum\u0119 miesi\u0119cznych przychod\u00f3w z miesi\u0105ca poprzedzaj\u0105cego z\u0142o\u017cenie wniosku\nlub w&nbsp;przypadku utraty dochodu z miesi\u0105ca, w kt\u00f3rym wniosek zosta\u0142\nz\u0142o\u017cony, bez wzgl\u0119du na tytu\u0142 i \u017ar\u00f3d\u0142o ich uzyskania, je\u017celi ustawa nie stanowi\ninaczej, pomniejszon\u0105 o:<\/p>\n\n\n\n<ul class=\"wp-block-list\">\n<li>miesi\u0119czne obci\u0105\u017cenie podatkiem dochodowym od os\u00f3b fizycznych i koszty uzyskania przychodu<\/li>\n\n\n\n<li>sk\u0142adki na ubezpieczenie zdrowotne okre\u015blone w przepisach o \u015bwiadczeniach opieki zdrowotnej finansowanych ze \u015brodk\u00f3w publicznych oraz ubezpieczenia spo\u0142eczne okre\u015blone w odr\u0119bnych przepisach <\/li>\n\n\n\n<li>kwot\u0119 aliment\u00f3w \u015bwiadczonych na rzecz innych os\u00f3b.<\/li>\n<\/ul>\n\n\n\n<p><strong>Do ww. dochodu nie wlicza si\u0119 <\/strong>:<\/p>\n\n\n\n<p>1) jednorazowego pieni\u0119\u017cnego \u015bwiadczenia socjalnego;<br>2) zasi\u0142ku celowego;<br>3) pomocy materialnej maj\u0105cej charakter socjalny albo motywacyjny, przyznawanej na podstawie przepis\u00f3w o systemie o\u015bwiaty;<br>4) warto\u015bci \u015bwiadczenia w naturze;<br>5) \u015bwiadczenia przys\u0142uguj\u0105cego osobie bezrobotnej na podstawie przepis\u00f3w o promocji zatrudnienia i instytucjach rynku pracy z tytu\u0142u wykonywania prac spo\u0142ecznie u\u017cytecznych;<br>5a) \u015bwiadczenia pieni\u0119\u017cnego, o kt\u00f3rym mowa w ustawie z dnia 20 marca 2015 r. o dzia\u0142aczach opozycji antykomunistycznej oraz osobach represjonowanych z powod\u00f3w politycznych (Dz. U. z 2021 r. poz. 1255), i pomocy pieni\u0119\u017cnej, o kt\u00f3rej mowa w art. 19 ust. 2 ustawy z dnia 24 stycznia 1991 r. o kombatantach oraz niekt\u00f3rych osobach b\u0119d\u0105cych ofiarami represji i okresu powojennego (Dz. U. z 2021 r. poz. 1858), w art. 7a ust. 2 ustawy z dnia 2 wrze\u015bnia 1994 r. o \u015bwiadczeniu pieni\u0119\u017cnym i uprawnieniach przys\u0142uguj\u0105cych \u017co\u0142nierzom zast\u0119pczej s\u0142u\u017cby wojskowej przymusowo zatrudnianym w kopalniach w\u0119gla, kamienio\u0142omach, zak\u0142adach md uranu i batalionach budowlanych (Dz. U. z 2021 r. poz. 1774), w art. 5a ust. 2 ustawy z dnia 31 maja 1996 r. o osobach deportowanych do pracy przymusowej oraz osadzonych w obozach pracy przez III Rzesz\u0119 i Zwi\u0105zek Socjalistycznych Republik Radzieckich (Dz. U. z 2021 r. poz. 1818), w art. 10a ust. 2 ustawy z dnia 16 listopada 2006 r. o \u015bwiadczeniu pieni\u0119\u017cnym i uprawnieniach przys\u0142uguj\u0105cych cywilnym niewidomym ofiarom dzia\u0142a\u0144 wojennych (Dz. U. z 2021 r. poz. 1820) oraz w art. 10 ust. 2 ustawy z dnia 20 marca 2015 r. o dzia\u0142aczach opozycji antykomunistycznej oraz osobach represjonowanych z powod\u00f3w politycznych;<br>6) dochodu z powierzchni u\u017cytk\u00f3w rolnych poni\u017cej 1 ha przeliczeniowego;<br>7) &nbsp;\u015bwiadczenia wychowawczego, o kt\u00f3rym mowa w ustawie z dnia 11 lutego 2016 r. o pomocy pa\u0144stwa w wychowywaniu dzieci (Dz. U. z 2019 r. poz. 2407 oraz z 2021 r. poz. 1162 i 1981);<br>8) \u015bwiadczenia pieni\u0119\u017cnego, o kt\u00f3rym mowa w art. 8a ust. 1 ustawy z dnia 7 wrze\u015bnia 2007 r. o Karcie Polaka (Dz. U. z 2019 r. poz. 1598);<br>9) \u015bwiadczenia pieni\u0119\u017cnego przyznawanego na podstawie art. 9 ustawy z dnia 22 listopada 2018 r. o grobach weteran\u00f3w walk o wolno\u015b\u0107 i niepodleg\u0142o\u015b\u0107 Polski (Dz. U. poz. 2529);<br>10) nagrody specjalnej Prezesa Rady Ministr\u00f3w przyznawanej na podstawie art. 31a ustawy z dnia 8 sierpnia 1996 r. o Radzie Ministr\u00f3w (Dz. U. z 2021 r. poz. 178, 1192 i 1535);<br>11) pomocy finansowej przyznawanej repatriantom, o kt\u00f3rej mowa w ustawie z dnia 9 listopada 2000 r. o repatriacji (Dz. U. z 2019 r. poz. 1472);<br>12) \u015brodk\u00f3w finansowych przyznawanych w ramach dzia\u0142a\u0144 podejmowanych przez organy publiczne, maj\u0105cych na celu popraw\u0119 jako\u015bci powietrza lub ochron\u0119 \u015brodowiska naturalnego;<br>13) zwrotu koszt\u00f3w, o kt\u00f3rych mowa w art. 39a ust. 1 ustawy z dnia 14 grudnia 2016 r. &#8211; Prawo o\u015bwiatowe (Dz. U. z 2021 r. poz. 1082);<br>14) rodzinnego kapita\u0142u opieku\u0144czego, o kt\u00f3rym mowa w ustawie z dnia 17 listopada 2021 r. o rodzinnym kapitale opieku\u0144czym (Dz. U. poz. 2270);<br>15) dofinansowania obni\u017cenia op\u0142aty rodzica za pobyt dziecka w \u017c\u0142obku, klubie dzieci\u0119cym lub u dziennego opiekuna, o kt\u00f3rym mowa w art. 64c ust. 1 ustawy z dnia 4 lutego 2011 r. o opiece nad dzie\u0107mi w wieku do lat 3 (Dz. U. z 2021 r. poz. 75, 952, 1901 i 2270);<br>16) kwot\u0119 dodatku energetycznego, o kt\u00f3rym mowa w art. 5c ustawy z dnia 10 kwietnia 1997 r. &#8211; Prawo energetyczne (Dz. U. z 2021 r. poz. 716, z p\u00f3\u017an. zm.);<br>17) kwot\u0119 dodatku os\u0142onowego, o kt\u00f3rym mowa w art. 2 ust. 1 ustawy z dnia 17 grudnia 2021 r. o dodatku os\u0142onowym (Dz. U. z 2022 r. poz. 1).<\/p>\n\n\n\n<p><\/p>\n\n\n\n<p>W przypadku os\u00f3b prowadz\u0105cych rolnicz\u0105 i pozarolnicz\u0105 dzia\u0142alno\u015b\u0107 gospodarcz\u0105 oraz uzyskuj\u0105cych doch\u00f3d w&nbsp;walucie obcej zasady ustalania dochodu reguluje art. 8 ust. 5-10 oraz 13 ustawy o pomocy spo\u0142ecznej.<\/p>\n\n\n\n<p><strong>Do niekt\u00f3rych form pomocy obowi\u0105zuj\u0105 inne kryteria dochodowe:<\/strong><\/p>\n\n\n\n<p><strong>Praca socjalna<\/strong> &#8211; <strong>przys\u0142uguje wszystkim osobom i rodzinom bez wzgl\u0119du na posiadany doch\u00f3d.<\/strong><br> <br> <strong>Pomoc w postaci gor\u0105cego posi\u0142ku<\/strong> mo\u017ce by\u0107 przyznana osobom, kt\u00f3re w\u0142asnym staraniem nie mog\u0105 go sobie zapewni\u0107. Przys\u0142uguje bezp\u0142atnie je\u017celi doch\u00f3d na osob\u0119 w rodzinie nie przekracza 150 % kryterium dochodowego, tj. 1.164,00 z\u0142 (dla osoby samotnie gospodaruj\u0105cej) lub 900 z\u0142 (dla osoby w rodzinie).<\/p>\n\n\n\n<p><strong>Us\u0142ugi opieku\u0144cze w miejscu zamieszkania<\/strong> mog\u0105 zosta\u0107 przyznane osobom, kt\u00f3rych doch\u00f3d jest\nwy\u017cszy od ustawowego kryterium, zmienia si\u0119 jednak wysoko\u015b\u0107 odp\u0142atno\u015bci za\nus\u0142ugi, kt\u00f3ra uzale\u017cniona jest od sytuacji rodzinnej osoby oraz jej dochodu lub\ndochodu na osob\u0119 w rodzinie.<\/p>\n\n\n\n<p><strong>Pobyt w domu pomocy spo\u0142ecznej<\/strong> mo\u017ce zosta\u0107 przyznany r\u00f3wnie\u017c osobom, kt\u00f3rych doch\u00f3d\njest wy\u017cszy od ustawowego kryterium, zmienia si\u0119 jednak wysoko\u015b\u0107 odp\u0142atno\u015bci.\nOdp\u0142atno\u015b\u0107 wynosi 70% uzyskiwanego dochodu osoby, ale nie wi\u0119cej ni\u017c pe\u0142ny\nkoszt miesi\u0119cznego utrzymania osoby w domu. Pozosta\u0142\u0105 kwot\u0119 do wysoko\u015bci\nkoszt\u00f3w utrzymania w&nbsp;plac\u00f3wce dop\u0142acaj\u0105 w&nbsp;kolejno\u015bci: ma\u0142\u017conek,\nzst\u0119pni przed wst\u0119pnymi lub inni, gmina, kt\u00f3ra skierowa\u0142a osob\u0119 do domu.<\/p>\n","protected":false},"excerpt":{"rendered":"<p>Pomoc spo\u0142eczna jest instytucj\u0105 polityki spo\u0142ecznej pa\u0144stwa, maj\u0105c\u0105 na celu umo\u017cliwienie osobom i rodzinom przezwyci\u0119\u017canie trudnych sytuacji \u017cyciowych, kt\u00f3rych nie s\u0105 one w stanie pokona\u0107, wykorzystuj\u0105c w\u0142asne uprawnienia, zasoby i mo\u017cliwo\u015bci oferuj\u0105c pomoc w formie \u015bwiadcze\u0144. Zadania w zakresie pomocy spo\u0142ecznej, rodzaje \u015bwiadcze\u0144, zasady i tryb ich udzielania oraz organizacj\u0119 pomocy spo\u0142ecznej okre\u015bla ustawa z &hellip; <a href=\"https:\/\/gops.krokowa.pl\/zasady-udzielania-pomocy\/\" class=\"more-link\">Czytaj dalej <span class=\"screen-reader-text\">ZASADY UDZIELANIA POMOCY<\/span> <span class=\"meta-nav\">&rarr;<\/span><\/a><\/p>\n","protected":false},"author":4,"featured_media":0,"parent":0,"menu_order":0,"comment_status":"closed","ping_status":"closed","template":"","meta":{"footnotes":""},"class_list":["post-772","page","type-page","status-publish","hentry"],"_links":{"self":[{"href":"https:\/\/gops.krokowa.pl\/wp-json\/wp\/v2\/pages\/772","targetHints":{"allow":["GET"]}}],"collection":[{"href":"https:\/\/gops.krokowa.pl\/wp-json\/wp\/v2\/pages"}],"about":[{"href":"https:\/\/gops.krokowa.pl\/wp-json\/wp\/v2\/types\/page"}],"author":[{"embeddable":true,"href":"https:\/\/gops.krokowa.pl\/wp-json\/wp\/v2\/users\/4"}],"replies":[{"embeddable":true,"href":"https:\/\/gops.krokowa.pl\/wp-json\/wp\/v2\/comments?post=772"}],"version-history":[{"count":8,"href":"https:\/\/gops.krokowa.pl\/wp-json\/wp\/v2\/pages\/772\/revisions"}],"predecessor-version":[{"id":1552,"href":"https:\/\/gops.krokowa.pl\/wp-json\/wp\/v2\/pages\/772\/revisions\/1552"}],"wp:attachment":[{"href":"https:\/\/gops.krokowa.pl\/wp-json\/wp\/v2\/media?parent=772"}],"curies":[{"name":"wp","href":"https:\/\/api.w.org\/{rel}","templated":true}]}}