{"id":877,"date":"2020-05-12T07:40:46","date_gmt":"2020-05-12T07:40:46","guid":{"rendered":"http:\/\/gops.krokowa.pl\/?page_id=877"},"modified":"2024-01-11T14:36:42","modified_gmt":"2024-01-11T14:36:42","slug":"dodatek-energetyczny","status":"publish","type":"page","link":"https:\/\/gops.krokowa.pl\/dodatek-energetyczny\/","title":{"rendered":"Dodatek energetyczny"},"content":{"rendered":"\n<p>Od dnia 1 stycznia 2014r. osoby otrzymuj\u0105ce dodatek mieszkaniowy maj\u0105 prawo do nowego \u015bwiadczenia, tj. zrycza\u0142towanego dodatku energetycznego. <\/p>\n\n\n\n<p>O dodatek energetyczny mo\u017ce ubiega\u0107 si\u0119 wnioskodawca, kt\u00f3ry spe\u0142nia\njednocze\u015bnie nast\u0119puj\u0105ce warunki:<\/p>\n\n\n\n<ol class=\"wp-block-list\">\n<li>ma przyznany dodatek mieszkaniowy w rozumieniu art. 2 ust. 1 ustawy\nz&nbsp;dnia 21 czerwca 2001r. o dodatkach mieszkaniowych ( tj. Dz. U z 2019 r.\npoz.2133)<\/li>\n\n\n\n<li>jest stron\u0105 umowy kompleksowej lub umowy sprzeda\u017cy energii elektrycznej\nzawartej z przedsi\u0119biorstwem energetycznym;<\/li>\n\n\n\n<li>zamieszkuje w miejscu dostarczania energii elektrycznej.<\/li>\n<\/ol>\n\n\n\n<p>Wysoko\u015b\u0107 dodatku energetycznego obowi\u0105zuj\u0105ca <strong>od dnia 1 maja 2019 r. do dnia 30 kwietnia&nbsp; 2020 r..<\/strong> dla gospodarstwa domowego:<\/p>\n\n\n\n<ol class=\"wp-block-list\">\n<li>prowadzonego przez osob\u0119 samotn\u0105 wynosi \u2013 <strong>11,37 z\u0142 <\/strong>miesi\u0105c;<\/li>\n\n\n\n<li>sk\u0142adaj\u0105cego si\u0119 z 2 do 4 os\u00f3b wynosi \u2013 <strong>15,77 <\/strong>z<strong>\u0142 <\/strong>miesi\u0105c;<\/li>\n\n\n\n<li>sk\u0142adaj\u0105cego si\u0119 z co najmniej 5 os\u00f3b wynosi \u2013 <strong>18,92<\/strong> z\u0142 miesi\u0105c.<\/li>\n<\/ol>\n\n\n\n<p>Wysoko\u015b\u0107 dodatku energetycznego obowi\u0105zuj\u0105ca od dnia 1 maja 2020 r. do\ndnia 30 kwietnia 2021 r. dla gospodarstwa domowego :<\/p>\n\n\n\n<p>1.&nbsp; prowadzonego przez osob\u0119 samotn\u0105 wynosi \u2013&nbsp; <strong>10,94 z\u0142 <\/strong>miesi\u0105c<br>2. sk\u0142adaj\u0105cego si\u0119 z 2 do 4 os\u00f3b wynosi \u2013 <strong>15,19 z\u0142 <\/strong>miesi\u0105c<br>3. sk\u0142adaj\u0105cego si\u0119 co najmniej z 5 os\u00f3b wynosi \u2013 <strong>18,23 z\u0142 <\/strong>miesi\u0105c<\/p>\n\n\n\n<p>Dodatek energetyczny b\u0119dzie wyp\u0142acany do dnia 10 ka\u017cdego miesi\u0105ca z g\u00f3ry, z\u00a0wyj\u0105tkiem miesi\u0105ca stycznia, w kt\u00f3rym dodatek energetyczny wyp\u0142aca si\u0119 do dnia 30 stycznia danego roku.<\/p>\n\n\n\n<p>W celu otrzymania dodatku energetycznego nale\u017cy z\u0142o\u017cy\u0107 stosowny wniosek w&nbsp;Gminnym O\u015brodku Pomocy Spo\u0142ecznej w Krokowej, ul. Wejherowska 3.<br> <br> Wz\u00f3r wniosku&nbsp; jest dost\u0119pny poni\u017cej.<\/p>\n\n\n\n<div class=\"wp-block-file\"><a id=\"wp-block-file--media-14cdfc33-1d6f-4b31-a471-fd13baa6fcd6\" href=\"https:\/\/gops.krokowa.pl\/wp-content\/uploads\/2020\/05\/wzor_de.pdf\">Wniosek o przyznanie dodatku energetycznego<\/a><a href=\"https:\/\/gops.krokowa.pl\/wp-content\/uploads\/2020\/05\/wzor_de.pdf\" class=\"wp-block-file__button wp-element-button\" download aria-describedby=\"wp-block-file--media-14cdfc33-1d6f-4b31-a471-fd13baa6fcd6\">Pobierz<\/a><\/div>\n\n\n\n<p>Do wniosku nale\u017cy do\u0142\u0105czy\u0107 kopi\u0119 umowy kompleksowej lub umowy sprzeda\u017cy\nenergii elektrycznej zawartej z przedsi\u0119biorstwem energetycznym.<\/p>\n","protected":false},"excerpt":{"rendered":"<p>Od dnia 1 stycznia 2014r. osoby otrzymuj\u0105ce dodatek mieszkaniowy maj\u0105 prawo do nowego \u015bwiadczenia, tj. zrycza\u0142towanego dodatku energetycznego. O dodatek energetyczny mo\u017ce ubiega\u0107 si\u0119 wnioskodawca, kt\u00f3ry spe\u0142nia jednocze\u015bnie nast\u0119puj\u0105ce warunki: Wysoko\u015b\u0107 dodatku energetycznego obowi\u0105zuj\u0105ca od dnia 1 maja 2019 r. do dnia 30 kwietnia&nbsp; 2020 r.. dla gospodarstwa domowego: Wysoko\u015b\u0107 dodatku energetycznego obowi\u0105zuj\u0105ca od dnia &hellip; <a href=\"https:\/\/gops.krokowa.pl\/dodatek-energetyczny\/\" class=\"more-link\">Czytaj dalej <span class=\"screen-reader-text\">Dodatek energetyczny<\/span> <span class=\"meta-nav\">&rarr;<\/span><\/a><\/p>\n","protected":false},"author":4,"featured_media":0,"parent":0,"menu_order":0,"comment_status":"closed","ping_status":"closed","template":"","meta":{"footnotes":""},"class_list":["post-877","page","type-page","status-publish","hentry"],"_links":{"self":[{"href":"https:\/\/gops.krokowa.pl\/wp-json\/wp\/v2\/pages\/877","targetHints":{"allow":["GET"]}}],"collection":[{"href":"https:\/\/gops.krokowa.pl\/wp-json\/wp\/v2\/pages"}],"about":[{"href":"https:\/\/gops.krokowa.pl\/wp-json\/wp\/v2\/types\/page"}],"author":[{"embeddable":true,"href":"https:\/\/gops.krokowa.pl\/wp-json\/wp\/v2\/users\/4"}],"replies":[{"embeddable":true,"href":"https:\/\/gops.krokowa.pl\/wp-json\/wp\/v2\/comments?post=877"}],"version-history":[{"count":3,"href":"https:\/\/gops.krokowa.pl\/wp-json\/wp\/v2\/pages\/877\/revisions"}],"predecessor-version":[{"id":1553,"href":"https:\/\/gops.krokowa.pl\/wp-json\/wp\/v2\/pages\/877\/revisions\/1553"}],"wp:attachment":[{"href":"https:\/\/gops.krokowa.pl\/wp-json\/wp\/v2\/media?parent=877"}],"curies":[{"name":"wp","href":"https:\/\/api.w.org\/{rel}","templated":true}]}}